{"id":443,"date":"2022-06-28T10:09:08","date_gmt":"2022-06-28T08:09:08","guid":{"rendered":"https:\/\/www.affirmation-de-soi.info\/boutique\/pdc-riref0003-20-exos-pour-saffirmer\/"},"modified":"2022-06-29T18:46:54","modified_gmt":"2022-06-29T16:46:54","slug":"v24es8li9","status":"publish","type":"page","link":"https:\/\/www.affirmation-de-soi.info\/boutique\/v24es8li9\/","title":{"rendered":"PDC RIREF0008 \u00ab\u00a0La M\u00e9thode PESCA\u00a0\u00bb"},"content":{"rendered":"<div id=\"pbuilder_wrapper\">\n<div id=\"pbuilder_content_wrapper\">\n<div id=\"pbuilder_content\">\n<div data-rowtype=\"0\" data-rowid=\"0\" style=\"\" class=\"pbuilder_row pbuilder_row_id_0\">\n<div  class=\"pbuilder_row_colwrapper\" style=\"padding:0px 0px 0px 0px;\" >\n<div data-colnumber=\"0\" class=\"pbuilder_column pbuilder_column-1-1\">\n<div class=\"pbuilder_column_background\" style=\"border:none; background-color: ; \"><\/div>\n<div style=\"\" class=\" pbuilder_column_inner pbuilder_droppable\" >\n<div class=\"pbuilder_module\" data-shortcode=\"text\" data-modid=\"0\">\n<style type=\"text\/css\" scoped=\"scoped\">\n    #frb_text_901141804, #frb_text_901141804 *{letter-spacing:0px;}\n    #frb_text_901141804 a{color: #444444;}\n    #frb_text_901141804 a:hover{color: #444444;}@media only screen and (max-width : 768px) {\n        #frb_text_901141804{font-size:12px !important;}\n        #frb_text_901141804 .frb_button_icon{font-size:26px !important;}\n      }<\/style>\n<style type=\"text\/css\" scoped=\"scoped\">#frb_text_901141804.frb_onScreen.frb_animated {-webkit-animation-duration: 1000ms; animation-duration: 1000ms;}#frb_text_901141804.frb_onScreen.frb_hinge {-webkit-animation-duration: 2000ms; animation-duration: 2000ms;}<\/style>\n<div id=\"frb_text_901141804\" class=\"\" style=\"margin:0px 0px 36px 0px;padding:0px 0px 0px 0px;border:none;text-align:left;\">\n<div class=\"frb_text\" style=\"color:#444444;\">\n<h2>Passez votre commande :<\/h2>\n<\/div>\n<\/div>\n<\/div>\n<\/div>\n<\/div>\n<div style=\"clear:both;\"><\/div>\n<\/div>\n<\/div>\n<style><\/style>\n<div data-rowtype=\"0\" data-rowid=\"1\" style=\"\" class=\"pbuilder_row pbuilder_row_id_1\">\n<div  class=\"pbuilder_row_colwrapper\" style=\"padding:0px 0px 0px 0px;\" >\n<div data-colnumber=\"0\" class=\"pbuilder_column pbuilder_column-1-1\">\n<div class=\"pbuilder_column_background\" style=\"border:none; background-color: ; \"><\/div>\n<div style=\"\" class=\" pbuilder_column_inner pbuilder_droppable\" >\n<div class=\"pbuilder_module\" data-shortcode=\"checkout-deals\" data-modid=\"1\">\n<div class=\"checkout-deal headings-hidden labels-hidden\">\n<ul class=\"deal basic\">\n<li class=\"offer offer highlighted\">\n        <input  checked checkout_deal=\"443-1\" type=\"checkbox\" name=\"offer-443-1\" value=\"0\" id=\"offer_443-1_0\"><br \/>\n        <label for=\"offer_443-1_0\"><br \/>\n            Reconna\u00eetre un manipulateur : La M\u00e9thode PESCA        <\/label><br \/>\n        <span class=\"price\"><br \/>\n            <span class=\"woocommerce-Price-amount amount\"><bdi>29,00<span class=\"woocommerce-Price-currencySymbol\">&euro;<\/span><\/bdi><\/span>        <\/span>\n    <\/li>\n<\/ul>\n<style>body #checkout_tabulation .tab.current,body .tabulated form #order_review,body .tabulated form #customer_details {border: solid 2px #92d050;}body #checkout_tabulation .tab.current, body .checkout-deal > .woocommerce > form .button {background-color: #92d050 !important;}<\/style>\n<div class=\"woocommerce\">\n<div class=\"woocommerce-notices-wrapper\"><\/div>\n<div class=\"woocommerce-form-coupon-toggle\">\n<div class=\"woocommerce-info\">\n\t\tAvez-vous un code promo\u00a0? <a href=\"#\" class=\"showcoupon\">Cliquez ici pour saisir votre code<\/a>\t<\/div>\n<\/div>\n<form class=\"checkout_coupon woocommerce-form-coupon\" method=\"post\" style=\"display:none\">\n<p>Si vous poss\u00e9dez un code promo, veuillez l\u2019appliquer ci-dessous.<\/p>\n<p class=\"form-row form-row-first\">\n\t\t<input type=\"text\" name=\"coupon_code\" class=\"input-text\" placeholder=\"Code promo\" id=\"coupon_code\" value=\"\" \/>\n\t<\/p>\n<p class=\"form-row form-row-last\">\n\t\t<button type=\"submit\" class=\"button\" name=\"apply_coupon\" value=\"Appliquer le code promo\">Appliquer le code promo<\/button>\n\t<\/p>\n<div class=\"clear\"><\/div>\n<\/form>\n<div class=\"woocommerce-notices-wrapper\"><\/div>\n<form name=\"checkout\" method=\"post\" class=\"checkout woocommerce-checkout\" action=\"https:\/\/www.affirmation-de-soi.info\/boutique\/checkout\/\" enctype=\"multipart\/form-data\">\n        <input type=\"hidden\" name=\"remove_address_fields\" id=\"remove_address_fields\" value=\"yes\"\/><input type=\"hidden\" name=\"remove_phone_field\" id=\"remove_phone_field\" value=\"yes\"\/><input type=\"hidden\" name=\"checkout_deal_id\" id=\"checkout_deal_id\" value=\"443-1\"\/>    <\/p>\n<div class=\"col2-set\" id=\"customer_details\">\n<div class=\"col-md-12\">\n<div class=\"woocommerce-billing-fields\">\n<h3>D\u00e9tails de facturation<\/h3>\n<div class=\"woocommerce-billing-fields__field-wrapper\">\n<p class=\"form-row form-row-first validate-required\" id=\"billing_first_name_field\" data-priority=\"10\"><label for=\"billing_first_name\" class=\"\">Pr\u00e9nom&nbsp;<abbr class=\"required\" title=\"obligatoire\">*<\/abbr><\/label><span class=\"woocommerce-input-wrapper\"><input type=\"text\" class=\"input-text \" name=\"billing_first_name\" id=\"billing_first_name\" placeholder=\"Pr\u00e9nom\"  value=\"R\u00e9mi\" autocomplete=\"given-name\" \/><\/span><\/p>\n<p class=\"form-row form-row-last validate-required\" id=\"billing_last_name_field\" data-priority=\"20\"><label for=\"billing_last_name\" class=\"\">Nom&nbsp;<abbr class=\"required\" title=\"obligatoire\">*<\/abbr><\/label><span class=\"woocommerce-input-wrapper\"><input type=\"text\" class=\"input-text \" name=\"billing_last_name\" id=\"billing_last_name\" placeholder=\"Nom\"  value=\"BECKER\" autocomplete=\"family-name\" \/><\/span><\/p>\n<p class=\"form-row form-row-wide validate-required validate-email\" id=\"billing_email_field\" data-priority=\"110\"><label for=\"billing_email\" class=\"\">E-mail&nbsp;<abbr class=\"required\" title=\"obligatoire\">*<\/abbr><\/label><span class=\"woocommerce-input-wrapper\"><input type=\"email\" class=\"input-text \" name=\"billing_email\" id=\"billing_email\" placeholder=\"E-mail\"  value=\"remi@issele.fr\" autocomplete=\"email username\" \/><\/span><\/p>\n<\/p><\/div>\n<\/p><\/div>\n<\/p><\/div>\n<div class=\"col-md-12\">\n<div class=\"woocommerce-shipping-fields\">\n    <\/div>\n<div class=\"woocommerce-additional-fields\">\n            <\/div>\n<\/p><\/div>\n<\/p><\/div>\n<div id=\"order_review\" class=\"woocommerce-checkout-review-order\">\n<h3 id=\"order_review_heading\">\n            Votre commande        <\/h3>\n<table class=\"shop_table woocommerce-checkout-review-order-table\">\n<thead>\n<tr>\n<th class=\"product-name\">Produit<\/th>\n<th class=\"product-total\">Sous-total<\/th>\n<\/tr>\n<\/thead>\n<tbody>\n<tr class=\"cart_item\">\n<td class=\"product-name\">\n\t\t\t\t\t\tLa M\u00e9thode PESCA&nbsp;\t\t\t\t\t\t <strong class=\"product-quantity\">&times;&nbsp;1<\/strong>\t\t\t\t\t\t\t\t\t\t\t<\/td>\n<td class=\"product-total\">\n\t\t\t\t\t\t<span class=\"woocommerce-Price-amount amount\"><bdi>29,00<span class=\"woocommerce-Price-currencySymbol\">&euro;<\/span><\/bdi><\/span>\t\t\t\t\t<\/td>\n<\/tr>\n<\/tbody>\n<tfoot>\n<tr class=\"cart-subtotal\">\n<th>Sous-total<\/th>\n<td><span class=\"woocommerce-Price-amount amount\"><bdi>29,00<span class=\"woocommerce-Price-currencySymbol\">&euro;<\/span><\/bdi><\/span><\/td>\n<\/tr>\n<tr class=\"order-total\">\n<th>Total<\/th>\n<td><strong><span class=\"woocommerce-Price-amount amount\"><bdi>29,00<span class=\"woocommerce-Price-currencySymbol\">&euro;<\/span><\/bdi><\/span><\/strong> <\/td>\n<\/tr>\n<\/tfoot>\n<\/table>\n<div id=\"payment\" class=\"woocommerce-checkout-payment\">\n<ul class=\"wc_payment_methods payment_methods methods\">\n<li class=\"wc_payment_method payment_method_stripe\">\n\t<input id=\"payment_method_stripe\" type=\"radio\" class=\"input-radio\" name=\"payment_method\" value=\"stripe\"  checked='checked' data-order_button_text=\"\" \/><\/p>\n<p>\t<label for=\"payment_method_stripe\"><br \/>\n\t\tCarte Bancaire \t<\/label><\/p>\n<div class=\"payment_box payment_method_stripe\" >\n<div\n\t\t\tid=\"stripe-payment-data\"\n\t\t\tdata-email=\"remi@issele.fr\"\n\t\t\tdata-full-name=\" \"\n\t\t\tdata-currency=\"eur\"\n\t\t><\/p>\n<p>Payez avec votre carte de cr\u00e9dit (VISA, MasterCard, etc.) MODE TEST ACTIV\u00c9. En mode TEST, vous pouvez utiliser le num\u00e9ro de carte 4242424242424242 avec n\u2019importe quel cryptogramme visuel et une date d\u2019expiration valide ou consulter la <a href=\"https:\/\/stripe.com\/docs\/testing\" target=\"_blank\" rel=\"noopener\">documentation Test Stripe<\/a> pour obtenir plus de num\u00e9ros de carte.<\/p>\n<ul class=\"woocommerce-SavedPaymentMethods wc-saved-payment-methods\" data-count=\"1\">\n<li class=\"woocommerce-SavedPaymentMethods-token\">\n\t\t\t\t<input id=\"wc-stripe-payment-token-1\" type=\"radio\" name=\"wc-stripe-payment-token\" value=\"1\" style=\"width:auto;\" class=\"woocommerce-SavedPaymentMethods-tokenInput\"  checked='checked' \/><br \/>\n\t\t\t\t<label for=\"wc-stripe-payment-token-1\">Visa se terminant par 4242 (expire 11\/21)<\/label><\/p>\n<div class=\"stripe-source-errors\" role=\"alert\"><\/div>\n<\/li>\n<li class=\"woocommerce-SavedPaymentMethods-new\">\n\t\t\t\t<input id=\"wc-stripe-payment-token-new\" type=\"radio\" name=\"wc-stripe-payment-token\" value=\"new\" style=\"width:auto;\" class=\"woocommerce-SavedPaymentMethods-tokenInput\" \/><br \/>\n\t\t\t\t<label for=\"wc-stripe-payment-token-new\">Utiliser un nouveau moyen de paiement<\/label>\n\t\t\t<\/li>\n<\/ul>\n<fieldset id=\"wc-stripe-cc-form\" class=\"wc-credit-card-form wc-payment-form\" style=\"background:transparent;\">\n<div class=\"form-row form-row-wide\">\n\t\t\t\t\t<label for=\"stripe-card-element\">Num\u00e9ro de carte <span class=\"required\">*<\/span><\/label><\/p>\n<div class=\"stripe-card-group\">\n<div id=\"stripe-card-element\" class=\"wc-stripe-elements-field\">\n\t\t\t\t\t\t<!-- a Stripe Element will be inserted here. -->\n\t\t\t\t\t\t<\/div>\n<p>\t\t\t\t\t\t<i class=\"stripe-credit-card-brand stripe-card-brand\" alt=\"Credit Card\"><\/i>\n\t\t\t\t\t<\/div>\n<\/p><\/div>\n<div class=\"form-row form-row-first\">\n\t\t\t\t\t<label for=\"stripe-exp-element\">Date d\u2019expiration <span class=\"required\">*<\/span><\/label><\/p>\n<div id=\"stripe-exp-element\" class=\"wc-stripe-elements-field\">\n\t\t\t\t\t<!-- a Stripe Element will be inserted here. -->\n\t\t\t\t\t<\/div>\n<\/p><\/div>\n<div class=\"form-row form-row-last\">\n\t\t\t\t\t<label for=\"stripe-cvc-element\">Cryptogramme visuel <span class=\"required\">*<\/span><\/label><\/p>\n<div id=\"stripe-cvc-element\" class=\"wc-stripe-elements-field\">\n\t\t\t\t<!-- a Stripe Element will be inserted here. -->\n\t\t\t\t<\/div>\n<\/p><\/div>\n<div class=\"clear\"><\/div>\n<p>\t\t\t<!-- Used to display form errors --><\/p>\n<div class=\"stripe-source-errors\" role=\"alert\"><\/div>\n<div class=\"clear\"><\/div>\n<\/fieldset>\n<fieldset >\n<p class=\"form-row woocommerce-SavedPaymentMethods-saveNew\">\n\t\t\t\t<input id=\"wc-stripe-new-payment-method\" name=\"wc-stripe-new-payment-method\" type=\"checkbox\" value=\"true\" style=\"width:auto;\"  \/><br \/>\n\t\t\t\t<label for=\"wc-stripe-new-payment-method\" style=\"display:inline;\"><br \/>\n\t\t\t\t\tEnregistrer les informations de paiement sur mon compte pour de futurs achats.\t\t\t\t<\/label>\n\t\t\t<\/p>\n<\/fieldset><\/div>\n<\/p><\/div>\n<\/li>\n<li class=\"wc_payment_method payment_method_sb_test\">\n\t<input id=\"payment_method_sb_test\" type=\"radio\" class=\"input-radio\" name=\"payment_method\" value=\"sb_test\"  data-order_button_text=\"\" \/><\/p>\n<p>\t<label for=\"payment_method_sb_test\"><br \/>\n\t\tTest gateway \t<\/label>\n\t<\/li>\n<li class=\"wc_payment_method payment_method_ppcp-gateway\">\n\t<input id=\"payment_method_ppcp-gateway\" type=\"radio\" class=\"input-radio\" name=\"payment_method\" value=\"ppcp-gateway\"  data-order_button_text=\"\" \/><\/p>\n<p>\t<label for=\"payment_method_ppcp-gateway\"><br \/>\n\t\tPayPal \t<\/label><\/p>\n<div class=\"payment_box payment_method_ppcp-gateway\" style=\"display:none;\">\n<p><strong>Payer via Paypal.<\/strong><\/br>(Vous n&#8217;avez pas besoin de poss\u00e9der un compte Paypal pour payer par carte bancaire via Paypal.)<\/p>\n<\/p><\/div>\n<\/li>\n<\/ul>\n<div class=\"form-row place-order\">\n\t\t<noscript><br \/>\n\t\t\tVotre navigateur ne supporte pas JavaScript ou bien il est d\u00e9sactiv\u00e9, assurez vous de cliquer sur le bouton <em>Mise \u00e0 Jour Totaux<\/em> avant de passer votre commande. Vous pouvez \u00eatre factur\u00e9 plus que le montant indiqu\u00e9 ci-dessus si vous omettez de le faire.\t\t\t<br \/><button type=\"submit\" class=\"button alt\" name=\"woocommerce_checkout_update_totals\" value=\"Mise \u00e0 jour des totaux\">Mise \u00e0 jour des totaux<\/button><br \/>\n\t\t<\/noscript><\/p>\n<div class=\"woocommerce-terms-and-conditions-wrapper\">\n<div class=\"woocommerce-privacy-policy-text\">\n<ul>\n<li><strong>Contr\u00f4lez bien votre adresse e-mail ! <\/strong><a href=\"\" class=\"popmake-369\"><u> Pourquoi&#8230;<\/u><\/a><\/li>\n<li>Les produits command\u00e9s vont \u00eatre ajout\u00e9s dans votre espace membre. Votre compte sera cr\u00e9\u00e9 automatiquement si vous n&rsquo;en poss\u00e9dez pas encore. <a href=\"\" class=\"popmake-349\"><u>En savoir plus&#8230;<\/u><\/a><\/li>\n<li>Consulter notre <a href=\"\" class=\"popmake-340\"><u>politique de confidentialit\u00e9<\/u><\/a>.<\/li>\n<li>En passant commande vous acceptez nos <a href=\"https:\/\/www.affirmation-de-soi.info\/cgv\"><u>conditions g\u00e9n\u00e9rales de vente<\/u><\/a>.<\/li>\n<\/ul>\n<\/div><\/div>\n<p>\t\t<button type=\"submit\" class=\"button alt\" name=\"woocommerce_checkout_place_order\" id=\"place_order\" value=\"Commander\" data-value=\"Commander\">Commander<\/button><\/p>\n<p>\t\t<input type=\"hidden\" id=\"woocommerce-process-checkout-nonce\" name=\"woocommerce-process-checkout-nonce\" value=\"5ad9217270\" \/><input type=\"hidden\" name=\"_wp_http_referer\" value=\"\/boutique\/wp-admin\/admin-ajax.php\" \/>\t<\/div>\n<\/div><\/div>\n<\/p><\/form>\n<\/div>\n<style>.checkout-deal .woocommerce-checkout-review-order .blockOverlay{z-index:-1 !important;}<\/style>\n<\/div>\n<p><script type=\"text\/javascript\">\n        jQuery(document).ready(function(){\n          wc_checkout_params.update_order_review_nonce = \"61945f9231\";\n        });\n        <\/script>\n        <\/div>\n<\/div>\n<\/div>\n<div style=\"clear:both;\"><\/div>\n<\/div>\n<\/div>\n<style><\/style>\n<\/p><\/div>\n<div style=\"clear:both\"><\/div>\n<\/p><\/div>\n<div style=\"clear:both\"><\/div>\n<\/p><\/div>\n","protected":false},"excerpt":{"rendered":"<p>Passez votre commande : Reconna\u00eetre un manipulateur : La M\u00e9thode PESCA 29,00&euro; Avez-vous un code promo\u00a0? Cliquez ici pour saisir votre code Si vous poss\u00e9dez un code promo, veuillez l\u2019appliquer ci-dessous. Appliquer le code promo D\u00e9tails de facturation Pr\u00e9nom&nbsp;* Nom&nbsp;* E-mail&nbsp;* Votre commande Produit Sous-total La M\u00e9thode PESCA&nbsp; &times;&nbsp;1 29,00&euro; Sous-total 29,00&euro; Total 29,00&euro; Carte Bancaire Payez avec votre carte de cr\u00e9dit (VISA, MasterCard, etc.) MODE TEST ACTIV\u00c9. En mode TEST, vous pouvez utiliser le num\u00e9ro de carte 4242424242424242 avec n\u2019importe quel cryptogramme visuel et une date d\u2019expiration valide ou consulter la documentation Test Stripe pour obtenir plus de num\u00e9ros [&hellip;]<\/p>\n","protected":false},"author":1,"featured_media":0,"parent":0,"menu_order":0,"comment_status":"closed","ping_status":"closed","template":"","meta":{"footnotes":""},"class_list":["post-443","page","type-page","status-publish","hentry"],"_links":{"self":[{"href":"https:\/\/www.affirmation-de-soi.info\/boutique\/wp-json\/wp\/v2\/pages\/443","targetHints":{"allow":["GET"]}}],"collection":[{"href":"https:\/\/www.affirmation-de-soi.info\/boutique\/wp-json\/wp\/v2\/pages"}],"about":[{"href":"https:\/\/www.affirmation-de-soi.info\/boutique\/wp-json\/wp\/v2\/types\/page"}],"author":[{"embeddable":true,"href":"https:\/\/www.affirmation-de-soi.info\/boutique\/wp-json\/wp\/v2\/users\/1"}],"replies":[{"embeddable":true,"href":"https:\/\/www.affirmation-de-soi.info\/boutique\/wp-json\/wp\/v2\/comments?post=443"}],"version-history":[{"count":5,"href":"https:\/\/www.affirmation-de-soi.info\/boutique\/wp-json\/wp\/v2\/pages\/443\/revisions"}],"predecessor-version":[{"id":529,"href":"https:\/\/www.affirmation-de-soi.info\/boutique\/wp-json\/wp\/v2\/pages\/443\/revisions\/529"}],"wp:attachment":[{"href":"https:\/\/www.affirmation-de-soi.info\/boutique\/wp-json\/wp\/v2\/media?parent=443"}],"curies":[{"name":"wp","href":"https:\/\/api.w.org\/{rel}","templated":true}]}}